{"id":2117,"date":"2012-10-11T08:54:44","date_gmt":"2012-10-11T15:54:44","guid":{"rendered":"https:\/\/www.laylita.com\/recetas\/?page_id=2117"},"modified":"2012-10-11T08:54:44","modified_gmt":"2012-10-11T15:54:44","slug":"recetas-ecuatorianas-de-pollo-y-carne","status":"publish","type":"page","link":"https:\/\/www.laylita.com\/recetas\/recetas-ecuatorianas-de-pollo-y-carne\/","title":{"rendered":"Recetas Ecuatorianas de Pollo y Carne"},"content":{"rendered":"<p><strong>Recetas Ecuatorianas de Pollo<\/strong><br \/>\n<a title=\"Aguado de gallina\" href=\"https:\/\/www.laylita.com\/recetas\/2012\/01\/22\/aguado-de-gallina-o-aguado-de-pollo\/\" rel=\"nofollow\">Aguado de gallina<\/a>: El aguado de gallina o aguado de pollo es una sopa espesa preparada con pollo, arroz, papas, cebollas, tomates, pimientos, zanahorias, arvejas, hierbas y especias.<\/p>\n<p><a title=\"Arroz con Pollo\" href=\"https:\/\/www.laylita.com\/recetas\/2009\/03\/02\/arroz-con-pollo\/\" rel=\"nofollow\">Arroz con pollo ecuatoriano<\/a>: El arroz con pollo es un delicioso plato t\u00edpico de pollo y arroz cocinado con cebollas, tomates, pimiento, apio, ajo, achiote, comino, cilantro, y m\u00e1s ingredientes.<\/p>\n<p><a title=\"Chaulafan\" href=\"https:\/\/www.laylita.com\/recetas\/2012\/01\/20\/chaulafan-o-arroz-frito-de-pollo\/\" rel=\"nofollow\">Chaulafan de pollo<\/a>: El chaulafan de pollo la versi\u00f3n ecuatoriana del arroz frito chino preparado pollo, tocino, cebolla, ajo, pimientos, arvejas, zanahorias, huevos revueltos, pasas, especias y hierbas.<\/p>\n<p><a title=\"Seco de Pollo\" href=\"https:\/\/www.laylita.com\/recetas\/2008\/02\/01\/seco-de-pollo-ecuatoriano\/\" rel=\"nofollow\">Seco de pollo o seco de gallina<\/a>: Receta de seco de pollo cocinado a fuego lento en una salsa de cerveza, cebolla, pimiento, tomate, hierbitas y condimentos<\/p>\n<p><strong>Recetas Ecuatorianas de Carne<\/strong><br \/>\n<a title=\"Caldo de bolas\" href=\"https:\/\/www.laylita.com\/recetas\/2012\/10\/10\/caldo-de-bolas-de-verde\/\" rel=\"nofollow\">Caldo de bolas<\/a>: El caldo de bolas de verde es una sopa t\u00edpica ecuatoriana que consiste de bolas o alb\u00f3ndigas de pl\u00e1tano verde rellenas con carne en un delicioso caldo de carne con choclo y yuca.<\/p>\n<p><a title=\"Caldo de pata\" href=\"https:\/\/www.laylita.com\/recetas\/2012\/03\/28\/caldo-de-pata-receta\/\" rel=\"nofollow\">Caldo de pata<\/a>: El caldo de patas de res es una sopa tradicional que se prepara con patas de res, yuca, mote, cilantro, perejil, cebolla, ajo, achiote, comino, or\u00e9gano, man\u00ed y leche.<\/p>\n<p><a title=\"Carne colorada\" href=\"https:\/\/www.laylita.com\/recetas\/2008\/02\/24\/carne-colorada\/\" rel=\"nofollow\">Carne colorada<\/a>: La carne colorada es un plato t\u00edpico del norte de la Sierra, se prepara con carne de res marinada en cerveza con ajo, cebolla, achiote, comino, or\u00e9gano y cocinada a fuego lento hasta dorarse.<\/p>\n<p><a title=\"Carne en palito\" href=\"https:\/\/www.laylita.com\/recetas\/2008\/08\/21\/carne-en-palito\/\" rel=\"nofollow\">Carne en palito<\/a>: La carne en palito son pinchos de carne de res cortada finamente, adobada con ajo, achiote, y comino, y asados a la parrilla.<\/p>\n<p><a title=\"Churrasco ecuatoriano\" href=\"https:\/\/www.laylita.com\/recetas\/2009\/04\/01\/churrasco-ecuatoriano\/\" rel=\"nofollow\">Churrasco<\/a>: El churrasco ecuatoriano es un plato t\u00edpico que consiste de carne asada o frita, acompa\u00f1ado con huevo frito, papas fritas, pl\u00e1tanos maduros, ensalada, aguacate y aj\u00ed.<\/p>\n<p><a title=\"Fritada de chancho\" href=\"https:\/\/www.laylita.com\/recetas\/2008\/02\/11\/fritada-de-chancho\/\" rel=\"nofollow\">Fritada de chancho<\/a>: La fritada es un plato t\u00edpico ecuatoriano donde se cocina la carne de chancho en agua y jugo de naranja con comino, ajo, cebolla, chalote, sal y pimienta hasta que no quede agua y la carne se empieza a dorar en su propia grasa.<\/p>\n<p><a title=\"Hornado\" href=\"https:\/\/www.laylita.com\/recetas\/2008\/03\/05\/hornado-de-chancho\/\" rel=\"nofollow\">Hornado de chancho<\/a>: Receta ecuatoriana para hornado de pierna de chancho marinada con ali\u00f1o de ajo y comino, ba\u00f1ada con cerveza o chicha, y horneado durante varias horas.<\/p>\n<p><a title=\"Pernil de chancho\" href=\"https:\/\/www.laylita.com\/recetas\/2008\/03\/18\/pernil-lojano\/\" rel=\"nofollow\">Pernil:<\/a> El pernil de chancho se prepara sazonando la carne con un adobo de naranja agria, cebolla, ajo, achiote, clavo de olor, canela, comino y panela, luego se hornea a fuego lento por varias horas.<\/p>\n<p><a title=\"Seco de carne\" href=\"https:\/\/www.laylita.com\/recetas\/2012\/05\/02\/seco-de-carne-con-tamarindo\/\" rel=\"nofollow\">Seco de carne<\/a>: El seco de carne con tamarindo es un delicioso guiso preparado carne de res cocido a fuego lento en una salsa de tamarindo, cerveza, cebolla, ajo, comino, tomate, pimiento, comino, cilantro y especias.<\/p>\n<p><a title=\"Seco de chivo\" href=\"https:\/\/www.laylita.com\/recetas\/2008\/03\/07\/seco-de-chivo\/\" rel=\"nofollow\">Seco de chivo<\/a>: El seco de chivo es un guiso preparado con carne de chivo o cabrito cocinado a fuego lento en una salsa de ajo, comino, achiote, pimientos, cebolla, cilantro, tomates, chicha, jugo de naranjilla, panela y especias<\/p>\n","protected":false},"excerpt":{"rendered":"<p>Recetas Ecuatorianas de Pollo Aguado de gallina: El aguado de gallina o aguado de pollo es una sopa espesa preparada con pollo, arroz, papas, cebollas, tomates, pimientos, zanahorias, arvejas, hierbas y especias. Arroz con pollo ecuatoriano: El arroz con pollo es un delicioso plato t\u00edpico de pollo y arroz cocinado con cebollas, tomates, pimiento, apio,&#8230;<\/p>\n","protected":false},"author":19,"featured_media":0,"parent":0,"menu_order":0,"comment_status":"open","ping_status":"open","template":"","meta":{"wprm-recipe-roundup-name":"","wprm-recipe-roundup-description":"","_kadence_starter_templates_imported_post":false,"_kad_post_transparent":"","_kad_post_title":"","_kad_post_layout":"","_kad_post_sidebar_id":"","_kad_post_content_style":"","_kad_post_vertical_padding":"","_kad_post_feature":"","_kad_post_feature_position":"","_kad_post_header":false,"_kad_post_footer":false,"_kad_post_classname":"","jetpack_post_was_ever_published":false,"footnotes":""},"class_list":["post-2117","page","type-page","status-publish","hentry"],"yoast_head":"<!-- This site is optimized with the Yoast SEO plugin v27.5 - https:\/\/yoast.com\/product\/yoast-seo-wordpress\/ -->\n<title>Recetas Ecuatorianas de Pollo y Carne<\/title>\n<meta name=\"description\" content=\"Recetas de Platos Tipidcos Ecuatorianos de Pollo y Carne\" \/>\n<meta name=\"robots\" content=\"index, follow, max-snippet:-1, max-image-preview:large, max-video-preview:-1\" \/>\n<link rel=\"canonical\" href=\"https:\/\/www.laylita.com\/recetas\/recetas-ecuatorianas-de-pollo-y-carne\/\" \/>\n<meta property=\"og:locale\" content=\"es_ES\" \/>\n<meta property=\"og:type\" content=\"article\" \/>\n<meta property=\"og:title\" content=\"Recetas Ecuatorianas de Pollo y Carne\" \/>\n<meta property=\"og:description\" content=\"Recetas de Platos Tipidcos Ecuatorianos de Pollo y Carne\" \/>\n<meta property=\"og:url\" content=\"https:\/\/www.laylita.com\/recetas\/recetas-ecuatorianas-de-pollo-y-carne\/\" \/>\n<meta property=\"og:site_name\" content=\"Laylita.com \u2013 Recetas de Cocina\" \/>\n<meta property=\"article:publisher\" content=\"https:\/\/www.facebook.com\/LaylitaCom\" \/>\n<meta property=\"og:image\" content=\"https:\/\/www.laylita.com\/recetas\/wp-content\/uploads\/Laylita.com-Recetas.jpg\" \/>\n\t<meta property=\"og:image:width\" content=\"1024\" \/>\n\t<meta property=\"og:image:height\" content=\"1023\" \/>\n\t<meta property=\"og:image:type\" content=\"image\/jpeg\" \/>\n<meta name=\"twitter:card\" content=\"summary_large_image\" \/>\n<meta name=\"twitter:site\" content=\"@LaylaPujol\" \/>\n<meta name=\"twitter:label1\" content=\"Tiempo de lectura\" \/>\n\t<meta name=\"twitter:data1\" content=\"2 minutos\" \/>\n<script type=\"application\/ld+json\" class=\"yoast-schema-graph\">{\"@context\":\"https:\\\/\\\/schema.org\",\"@graph\":[{\"@type\":\"WebPage\",\"@id\":\"https:\\\/\\\/www.laylita.com\\\/recetas\\\/recetas-ecuatorianas-de-pollo-y-carne\\\/\",\"url\":\"https:\\\/\\\/www.laylita.com\\\/recetas\\\/recetas-ecuatorianas-de-pollo-y-carne\\\/\",\"name\":\"Recetas Ecuatorianas de Pollo y Carne\",\"isPartOf\":{\"@id\":\"https:\\\/\\\/www.laylita.com\\\/recetas\\\/#website\"},\"datePublished\":\"2012-10-11T15:54:44+00:00\",\"description\":\"Recetas de Platos Tipidcos Ecuatorianos de Pollo y Carne\",\"breadcrumb\":{\"@id\":\"https:\\\/\\\/www.laylita.com\\\/recetas\\\/recetas-ecuatorianas-de-pollo-y-carne\\\/#breadcrumb\"},\"inLanguage\":\"es\",\"potentialAction\":[{\"@type\":\"ReadAction\",\"target\":[\"https:\\\/\\\/www.laylita.com\\\/recetas\\\/recetas-ecuatorianas-de-pollo-y-carne\\\/\"]}]},{\"@type\":\"BreadcrumbList\",\"@id\":\"https:\\\/\\\/www.laylita.com\\\/recetas\\\/recetas-ecuatorianas-de-pollo-y-carne\\\/#breadcrumb\",\"itemListElement\":[{\"@type\":\"ListItem\",\"position\":1,\"name\":\"Inicio\",\"item\":\"https:\\\/\\\/www.laylita.com\\\/recetas\\\/\"},{\"@type\":\"ListItem\",\"position\":2,\"name\":\"Recetas Ecuatorianas de Pollo y Carne\"}]},{\"@type\":\"WebSite\",\"@id\":\"https:\\\/\\\/www.laylita.com\\\/recetas\\\/#website\",\"url\":\"https:\\\/\\\/www.laylita.com\\\/recetas\\\/\",\"name\":\"Laylita.com \u2013 Recetas de Cocina\",\"description\":\"Encuentra recetas deliciosas y f\u00e1ciles de cocina casera ecuatoriana, latina, e internacional en espa\u00f1ol - con videos y fotos paso a paso.\",\"publisher\":{\"@id\":\"https:\\\/\\\/www.laylita.com\\\/recetas\\\/#organization\"},\"potentialAction\":[{\"@type\":\"SearchAction\",\"target\":{\"@type\":\"EntryPoint\",\"urlTemplate\":\"https:\\\/\\\/www.laylita.com\\\/recetas\\\/?s={search_term_string}\"},\"query-input\":{\"@type\":\"PropertyValueSpecification\",\"valueRequired\":true,\"valueName\":\"search_term_string\"}}],\"inLanguage\":\"es\"},{\"@type\":\"Organization\",\"@id\":\"https:\\\/\\\/www.laylita.com\\\/recetas\\\/#organization\",\"name\":\"Laylita.com\",\"url\":\"https:\\\/\\\/www.laylita.com\\\/recetas\\\/\",\"logo\":{\"@type\":\"ImageObject\",\"inLanguage\":\"es\",\"@id\":\"https:\\\/\\\/www.laylita.com\\\/recetas\\\/#\\\/schema\\\/logo\\\/image\\\/\",\"url\":\"https:\\\/\\\/www.laylita.com\\\/recetas\\\/wp-content\\\/uploads\\\/2019\\\/04\\\/Laylita.com-logo.jpg\",\"contentUrl\":\"https:\\\/\\\/www.laylita.com\\\/recetas\\\/wp-content\\\/uploads\\\/2019\\\/04\\\/Laylita.com-logo.jpg\",\"width\":559,\"height\":558,\"caption\":\"Laylita.com\"},\"image\":{\"@id\":\"https:\\\/\\\/www.laylita.com\\\/recetas\\\/#\\\/schema\\\/logo\\\/image\\\/\"},\"sameAs\":[\"https:\\\/\\\/www.facebook.com\\\/LaylitaCom\",\"https:\\\/\\\/x.com\\\/LaylaPujol\",\"https:\\\/\\\/instagram.com\\\/laylapujol\\\/\",\"https:\\\/\\\/www.pinterest.com\\\/laylapujol\\\/\",\"https:\\\/\\\/www.youtube.com\\\/channel\\\/UCvNX-qrEsv2vNNzG2KXSRag\"]}]}<\/script>\n<!-- \/ Yoast SEO plugin. -->","yoast_head_json":{"title":"Recetas Ecuatorianas de Pollo y Carne","description":"Recetas de Platos Tipidcos Ecuatorianos de Pollo y Carne","robots":{"index":"index","follow":"follow","max-snippet":"max-snippet:-1","max-image-preview":"max-image-preview:large","max-video-preview":"max-video-preview:-1"},"canonical":"https:\/\/www.laylita.com\/recetas\/recetas-ecuatorianas-de-pollo-y-carne\/","og_locale":"es_ES","og_type":"article","og_title":"Recetas Ecuatorianas de Pollo y Carne","og_description":"Recetas de Platos Tipidcos Ecuatorianos de Pollo y Carne","og_url":"https:\/\/www.laylita.com\/recetas\/recetas-ecuatorianas-de-pollo-y-carne\/","og_site_name":"Laylita.com \u2013 Recetas de Cocina","article_publisher":"https:\/\/www.facebook.com\/LaylitaCom","og_image":[{"width":1024,"height":1023,"url":"https:\/\/www.laylita.com\/recetas\/wp-content\/uploads\/Laylita.com-Recetas.jpg","type":"image\/jpeg"}],"twitter_card":"summary_large_image","twitter_site":"@LaylaPujol","twitter_misc":{"Tiempo de lectura":"2 minutos"},"schema":{"@context":"https:\/\/schema.org","@graph":[{"@type":"WebPage","@id":"https:\/\/www.laylita.com\/recetas\/recetas-ecuatorianas-de-pollo-y-carne\/","url":"https:\/\/www.laylita.com\/recetas\/recetas-ecuatorianas-de-pollo-y-carne\/","name":"Recetas Ecuatorianas de Pollo y Carne","isPartOf":{"@id":"https:\/\/www.laylita.com\/recetas\/#website"},"datePublished":"2012-10-11T15:54:44+00:00","description":"Recetas de Platos Tipidcos Ecuatorianos de Pollo y Carne","breadcrumb":{"@id":"https:\/\/www.laylita.com\/recetas\/recetas-ecuatorianas-de-pollo-y-carne\/#breadcrumb"},"inLanguage":"es","potentialAction":[{"@type":"ReadAction","target":["https:\/\/www.laylita.com\/recetas\/recetas-ecuatorianas-de-pollo-y-carne\/"]}]},{"@type":"BreadcrumbList","@id":"https:\/\/www.laylita.com\/recetas\/recetas-ecuatorianas-de-pollo-y-carne\/#breadcrumb","itemListElement":[{"@type":"ListItem","position":1,"name":"Inicio","item":"https:\/\/www.laylita.com\/recetas\/"},{"@type":"ListItem","position":2,"name":"Recetas Ecuatorianas de Pollo y Carne"}]},{"@type":"WebSite","@id":"https:\/\/www.laylita.com\/recetas\/#website","url":"https:\/\/www.laylita.com\/recetas\/","name":"Laylita.com \u2013 Recetas de Cocina","description":"Encuentra recetas deliciosas y f\u00e1ciles de cocina casera ecuatoriana, latina, e internacional en espa\u00f1ol - con videos y fotos paso a paso.","publisher":{"@id":"https:\/\/www.laylita.com\/recetas\/#organization"},"potentialAction":[{"@type":"SearchAction","target":{"@type":"EntryPoint","urlTemplate":"https:\/\/www.laylita.com\/recetas\/?s={search_term_string}"},"query-input":{"@type":"PropertyValueSpecification","valueRequired":true,"valueName":"search_term_string"}}],"inLanguage":"es"},{"@type":"Organization","@id":"https:\/\/www.laylita.com\/recetas\/#organization","name":"Laylita.com","url":"https:\/\/www.laylita.com\/recetas\/","logo":{"@type":"ImageObject","inLanguage":"es","@id":"https:\/\/www.laylita.com\/recetas\/#\/schema\/logo\/image\/","url":"https:\/\/www.laylita.com\/recetas\/wp-content\/uploads\/2019\/04\/Laylita.com-logo.jpg","contentUrl":"https:\/\/www.laylita.com\/recetas\/wp-content\/uploads\/2019\/04\/Laylita.com-logo.jpg","width":559,"height":558,"caption":"Laylita.com"},"image":{"@id":"https:\/\/www.laylita.com\/recetas\/#\/schema\/logo\/image\/"},"sameAs":["https:\/\/www.facebook.com\/LaylitaCom","https:\/\/x.com\/LaylaPujol","https:\/\/instagram.com\/laylapujol\/","https:\/\/www.pinterest.com\/laylapujol\/","https:\/\/www.youtube.com\/channel\/UCvNX-qrEsv2vNNzG2KXSRag"]}]}},"featured_image_src":null,"featured_image_src_square":null,"jetpack_shortlink":"https:\/\/wp.me\/PgQGB-y9","jetpack_sharing_enabled":true,"jetpack-related-posts":[],"_links":{"self":[{"href":"https:\/\/www.laylita.com\/recetas\/wp-json\/wp\/v2\/pages\/2117","targetHints":{"allow":["GET"]}}],"collection":[{"href":"https:\/\/www.laylita.com\/recetas\/wp-json\/wp\/v2\/pages"}],"about":[{"href":"https:\/\/www.laylita.com\/recetas\/wp-json\/wp\/v2\/types\/page"}],"author":[{"embeddable":true,"href":"https:\/\/www.laylita.com\/recetas\/wp-json\/wp\/v2\/users\/19"}],"replies":[{"embeddable":true,"href":"https:\/\/www.laylita.com\/recetas\/wp-json\/wp\/v2\/comments?post=2117"}],"version-history":[{"count":0,"href":"https:\/\/www.laylita.com\/recetas\/wp-json\/wp\/v2\/pages\/2117\/revisions"}],"wp:attachment":[{"href":"https:\/\/www.laylita.com\/recetas\/wp-json\/wp\/v2\/media?parent=2117"}],"curies":[{"name":"wp","href":"https:\/\/api.w.org\/{rel}","templated":true}]}}